{"id":53,"date":"2023-02-14T12:42:23","date_gmt":"2023-02-14T12:42:23","guid":{"rendered":"https:\/\/3dministry.ro\/?page_id=53"},"modified":"2025-04-26T07:35:53","modified_gmt":"2025-04-26T07:35:53","slug":"rugaciune-pentru-romania","status":"publish","type":"page","link":"https:\/\/3dministry.ro\/?page_id=53","title":{"rendered":"\u201dCASA DE RUG\u0102CIUNE\u201d &#8211; Rug\u0103ciune pentru Rom\u00e2nia"},"content":{"rendered":"\n<blockquote class=\"wp-block-quote is-layout-flow wp-block-quote-is-layout-flow\">\n<p>\u0218i ISUS le-a zis: Este scris:<br>\u201cCasa Mea se va chema o CAS\u0102 DE RUG\u0102CIUNE.&#8221;<br>(Matei 21:13)<\/p>\n<\/blockquote>\n\n\n\n<p><\/p>\n\n\n\n<p>3D Ministry &#8211; CASA DE RUG\u0102CIUNE &#8211; House of Prayer <\/p>\n\n\n\n<p><\/p>\n\n\n\n<p>Informa\u021bii: 0771 201 831<\/p>\n\n\n\n<p><\/p>\n\n\n\n<figure class=\"wp-block-embed is-type-video is-provider-youtube wp-block-embed-youtube wp-embed-aspect-16-9 wp-has-aspect-ratio\"><div class=\"wp-block-embed__wrapper\">\n<iframe loading=\"lazy\" title=\"3D Ministry - CASA DE RUG\u0102CIUNE  -  House of Prayer\" width=\"500\" height=\"281\" src=\"https:\/\/www.youtube.com\/embed\/e36f5gjyz0s?feature=oembed\" frameborder=\"0\" allow=\"accelerometer; autoplay; clipboard-write; encrypted-media; gyroscope; picture-in-picture; web-share\" referrerpolicy=\"strict-origin-when-cross-origin\" allowfullscreen><\/iframe>\n<\/div><\/figure>\n\n\n\n<blockquote class=\"wp-block-quote is-layout-flow wp-block-quote-is-layout-flow\">\n<p><\/p>\n<\/blockquote>\n\n\n\n<p>   Viziunea acestei lucr\u0103ri din CASA DE RUG\u0102CIUNE este: \u201dISUS SALVEAZ\u0102 ROM\u00c2NIA\u201d Dac\u0103 \u00eemp\u0103rt\u0103\u0219e\u0219ti aceast\u0103 viziune \u0219i dore\u0219ti s\u0103 te rogi, a\u0219tept\u0103m s\u0103 ni te al\u0103turi.<\/p>\n\n\n\n<p>   \u00cen anul 2012 Dumnezeu ne-a chemat \u00een aceast\u0103 lucrare de final, lucrare de mijlocire pentru na\u021biunea noastr\u0103, pun\u00e2nd un foc in inimile noastre pentru trezirea na\u021biunii rom\u00e2ne, asta \u00eensemn\u00e2nd \u00eentoarcerea ei cu ochii inimii c\u0103tre Domnul Isus Hristos, M\u00e2ntuitorul nostru. <\/p>\n\n\n\n<p>Totodat\u0103 Domnul Isus ne-a preg\u0103tit ca \u201dvase\u201d\/martori\/osta\u0219i \u00een Armata Lui instruindu-ne prin puterea Duhului Sf\u00e2nt pentru aceast\u0103 mi\u0219care a Lui. Ne-a vorbit direct din Cuv\u00e2ntul Lui, dar \u0219i prin viziuni de noapte \u0219i de zi sau prin slujitori&nbsp;ai&nbsp;Lui\u2026<\/p>\n\n\n\n<p>   De atunci \u0219i p\u00e2n\u0103 \u00een prezent s-au \u00eent\u00e2mplat o serie de evenimente \u00een \u021bara noastr\u0103 \u0219i pe \u00eentreaga planet\u0103, \u00eemplinindu-se profe\u021biile Biblice ce vizeaz\u0103 vremurile din urm\u0103. Odat\u0103 cu aceste profe\u021bii, Dumnezeu Ne-a dat \u0219i o serie de instruc\u021biuni pentru a fi gata, dintre care ce-a mai evient\u0103 este: \u201dVEGHEA\u021aI \u0219i RUGA\u021aI-V\u0102!\u201d<\/p>\n\n\n\n<h2 class=\"wp-block-heading\">A\u0219adar,  <\/h2>\n\n\n\n<h2 class=\"wp-block-heading\">V\u0103 invit\u0103m s\u0103 ne fi\u021bi al\u0103turi \u00een CASA DE RUG\u0102CIUNE.&#8221; \u0219i Studiu Biblic <br>whatsapp: <a href=\"https:\/\/wa.me\/<+40722211067&gt;\" target=\"_blank\" rel=\"noreferrer noopener\">0722211067<\/a><a href=\"https:\/\/chat.whatsapp.com\/BtAhnukXN9A3aDDmSfDlUH\">https:\/\/chat.whatsapp.com\/BtAhnukXN9A3aDDmSfDlUH<\/a><\/h2>\n\n\n\n<figure class=\"wp-block-embed\"><div class=\"wp-block-embed__wrapper\">\nhttps:\/\/chat.whatsapp.com\/BtAhnukXN9A3aDDmSfDlUH\n<\/div><\/figure>\n\n\n\n<p>Social Media:<\/p>\n\n\n\n<p><\/p>\n\n\n\n<figure class=\"wp-block-image size-large\"><img loading=\"lazy\" decoding=\"async\" width=\"1024\" height=\"518\" src=\"https:\/\/3dministry.ro\/wp-content\/uploads\/2024\/10\/3D-Minitry-House-of-Prayer-Logo-OK-1024x518.jpg\" alt=\"\" class=\"wp-image-392\" srcset=\"https:\/\/3dministry.ro\/wp-content\/uploads\/2024\/10\/3D-Minitry-House-of-Prayer-Logo-OK-1024x518.jpg 1024w, https:\/\/3dministry.ro\/wp-content\/uploads\/2024\/10\/3D-Minitry-House-of-Prayer-Logo-OK-300x152.jpg 300w, https:\/\/3dministry.ro\/wp-content\/uploads\/2024\/10\/3D-Minitry-House-of-Prayer-Logo-OK-768x388.jpg 768w, https:\/\/3dministry.ro\/wp-content\/uploads\/2024\/10\/3D-Minitry-House-of-Prayer-Logo-OK-1536x777.jpg 1536w, https:\/\/3dministry.ro\/wp-content\/uploads\/2024\/10\/3D-Minitry-House-of-Prayer-Logo-OK.jpg 1600w\" sizes=\"auto, (max-width: 1024px) 100vw, 1024px\" \/><\/figure>\n","protected":false},"excerpt":{"rendered":"<p>\u0218i ISUS le-a zis: Este scris:\u201cCasa Mea se va chema o CAS\u0102 DE RUG\u0102CIUNE.&#8221;(Matei 21:13) 3D Ministry &#8211; CASA DE RUG\u0102CIUNE &#8211; House of Prayer Informa\u021bii: 0771 201 831 Viziunea acestei lucr\u0103ri din CASA DE RUG\u0102CIUNE este: \u201dISUS SALVEAZ\u0102 ROM\u00c2NIA\u201d Dac\u0103 \u00eemp\u0103rt\u0103\u0219e\u0219ti aceast\u0103 viziune \u0219i dore\u0219ti s\u0103 te rogi, a\u0219tept\u0103m s\u0103 ni te al\u0103turi. \u00cen [&hellip;]<\/p>\n","protected":false},"author":1,"featured_media":0,"parent":0,"menu_order":0,"comment_status":"closed","ping_status":"closed","template":"","meta":{"om_disable_all_campaigns":false,"_monsterinsights_skip_tracking":false,"_monsterinsights_sitenote_active":false,"_monsterinsights_sitenote_note":"","_monsterinsights_sitenote_category":0,"footnotes":""},"class_list":["post-53","page","type-page","status-publish","hentry"],"aioseo_notices":[],"_links":{"self":[{"href":"https:\/\/3dministry.ro\/index.php?rest_route=\/wp\/v2\/pages\/53","targetHints":{"allow":["GET"]}}],"collection":[{"href":"https:\/\/3dministry.ro\/index.php?rest_route=\/wp\/v2\/pages"}],"about":[{"href":"https:\/\/3dministry.ro\/index.php?rest_route=\/wp\/v2\/types\/page"}],"author":[{"embeddable":true,"href":"https:\/\/3dministry.ro\/index.php?rest_route=\/wp\/v2\/users\/1"}],"replies":[{"embeddable":true,"href":"https:\/\/3dministry.ro\/index.php?rest_route=%2Fwp%2Fv2%2Fcomments&post=53"}],"version-history":[{"count":0,"href":"https:\/\/3dministry.ro\/index.php?rest_route=\/wp\/v2\/pages\/53\/revisions"}],"wp:attachment":[{"href":"https:\/\/3dministry.ro\/index.php?rest_route=%2Fwp%2Fv2%2Fmedia&parent=53"}],"curies":[{"name":"wp","href":"https:\/\/api.w.org\/{rel}","templated":true}]}}