{"id":2,"date":"2023-02-13T15:00:44","date_gmt":"2023-02-13T15:00:44","guid":{"rendered":"https:\/\/3dministry.ro\/?page_id=2"},"modified":"2024-10-22T15:50:52","modified_gmt":"2024-10-22T15:50:52","slug":"sample-page","status":"publish","type":"page","link":"https:\/\/3dministry.ro\/?page_id=2","title":{"rendered":"Audio"},"content":{"rendered":"\n<p>Ascult\u0103:<\/p>\n\n\n\n<blockquote class=\"wp-block-quote is-layout-flow wp-block-quote-is-layout-flow\">\n<p><a href=\"https:\/\/www.youtube.com\/@3dministry.\/videos\" target=\"_blank\" rel=\"noreferrer noopener\">Hi there!<\/a><\/p>\n\n\n\n<p><a href=\"https:\/\/www.youtube.com\/@3dministry.\/videos\">Suntem bucuro\u0219i s\u0103 \u00eemp\u0103rt\u0103\u0219im cu voi:<\/a><\/p>\n\n\n\n<p><a href=\"https:\/\/www.youtube.com\/@3dministry.\/videos\">https:\/\/www.youtube.com\/@3dministry.\/videos<\/a><\/p>\n\n\n\n<figure class=\"wp-block-image size-large\"><a href=\"https:\/\/www.youtube.com\/@3dministry.\/videos\" target=\"_blank\" rel=\"noreferrer noopenerhttps:\/\/www.youtube.com\/@3dministry.\/videos noopener\"><img loading=\"lazy\" decoding=\"async\" width=\"1024\" height=\"583\" src=\"https:\/\/3dministry.ro\/wp-content\/uploads\/2024\/10\/3dm-yt-1024x583.jpg\" alt=\"\" class=\"wp-image-403\" srcset=\"https:\/\/3dministry.ro\/wp-content\/uploads\/2024\/10\/3dm-yt-1024x583.jpg 1024w, https:\/\/3dministry.ro\/wp-content\/uploads\/2024\/10\/3dm-yt-300x171.jpg 300w, https:\/\/3dministry.ro\/wp-content\/uploads\/2024\/10\/3dm-yt-768x437.jpg 768w, https:\/\/3dministry.ro\/wp-content\/uploads\/2024\/10\/3dm-yt-1536x875.jpg 1536w, https:\/\/3dministry.ro\/wp-content\/uploads\/2024\/10\/3dm-yt.jpg 1663w\" sizes=\"auto, (max-width: 1024px) 100vw, 1024px\" \/><\/a><\/figure>\n<\/blockquote>\n\n\n\n<p>&#8230;or something like this:<\/p>\n\n\n\n<div class=\"wp-block-file\"><a id=\"wp-block-file--media-75bc9398-1de3-4b66-9c6f-5cef704cc230\" href=\"https:\/\/3dministry.ro\/wp-content\/uploads\/2023\/02\/3DMininstry-Sabia-Lui-Dumenzeu-Ilie-08.23.26-1-1.mp4\">3DMininstry-Sabia-Lui-Dumenzeu-Ilie-08.23.26-1-1<\/a><a href=\"https:\/\/3dministry.ro\/wp-content\/uploads\/2023\/02\/3DMininstry-Sabia-Lui-Dumenzeu-Ilie-08.23.26-1-1.mp4\" class=\"wp-block-file__button wp-element-button\" download aria-describedby=\"wp-block-file--media-75bc9398-1de3-4b66-9c6f-5cef704cc230\">Descarc\u0103<\/a><\/div>\n\n\n\n<div class=\"wp-block-columns is-layout-flex wp-container-core-columns-is-layout-9d6595d7 wp-block-columns-is-layout-flex\">\n<div class=\"wp-block-column is-layout-flow wp-block-column-is-layout-flow\" style=\"flex-basis:100%\">\n<figure class=\"wp-block-audio\"><audio controls src=\"https:\/\/3dministry.ro\/wp-content\/uploads\/2023\/02\/3DMininstry-Sabia-Lui-Dumenzeu-Ilie-08.23.26.mp4\"><\/audio><\/figure>\n<\/div>\n<\/div>\n\n\n\n<blockquote class=\"wp-block-quote is-layout-flow wp-block-quote-is-layout-flow\">\n<p>3D Mininstry<\/p>\n<\/blockquote>\n\n\n\n<p>As a new WordPress user, you should go to <a href=\"https:\/\/3dministry.ro\/wp-admin\/\">your dashboard<\/a> to delete this page and create new pages for your content. Have fun!<\/p>\n","protected":false},"excerpt":{"rendered":"<p>Ascult\u0103: &#8230;or something like this: 3D Mininstry As a new WordPress user, you should go to your dashboard to delete this page and create new pages for your content. Have fun!<\/p>\n","protected":false},"author":1,"featured_media":0,"parent":0,"menu_order":0,"comment_status":"closed","ping_status":"open","template":"","meta":{"om_disable_all_campaigns":false,"_monsterinsights_skip_tracking":false,"_monsterinsights_sitenote_active":false,"_monsterinsights_sitenote_note":"","_monsterinsights_sitenote_category":0,"footnotes":""},"class_list":["post-2","page","type-page","status-publish","hentry"],"aioseo_notices":[],"_links":{"self":[{"href":"https:\/\/3dministry.ro\/index.php?rest_route=\/wp\/v2\/pages\/2","targetHints":{"allow":["GET"]}}],"collection":[{"href":"https:\/\/3dministry.ro\/index.php?rest_route=\/wp\/v2\/pages"}],"about":[{"href":"https:\/\/3dministry.ro\/index.php?rest_route=\/wp\/v2\/types\/page"}],"author":[{"embeddable":true,"href":"https:\/\/3dministry.ro\/index.php?rest_route=\/wp\/v2\/users\/1"}],"replies":[{"embeddable":true,"href":"https:\/\/3dministry.ro\/index.php?rest_route=%2Fwp%2Fv2%2Fcomments&post=2"}],"version-history":[{"count":0,"href":"https:\/\/3dministry.ro\/index.php?rest_route=\/wp\/v2\/pages\/2\/revisions"}],"wp:attachment":[{"href":"https:\/\/3dministry.ro\/index.php?rest_route=%2Fwp%2Fv2%2Fmedia&parent=2"}],"curies":[{"name":"wp","href":"https:\/\/api.w.org\/{rel}","templated":true}]}}