{"id":121,"date":"2023-04-03T15:13:55","date_gmt":"2023-04-03T15:13:55","guid":{"rendered":"https:\/\/3dministry.ro\/?page_id=121"},"modified":"2023-04-03T15:18:16","modified_gmt":"2023-04-03T15:18:16","slug":"crezul-sau-simbolul-credintei","status":"publish","type":"page","link":"https:\/\/3dministry.ro\/?page_id=121","title":{"rendered":"Crezul sau Simbolul Credin\u0163ei"},"content":{"rendered":"\n<p>Crezul sau Simbolul Credin\u0163ei<\/p>\n\n\n\n<p><em>\u201dCred \u00eentr-unul Dumnezeu, Tat\u0103l, Atot\u021biitorul, F\u0103c\u0103torul cerului \u0219i al p\u0103m\u00e2ntului,&nbsp;v\u0103zutelor tuturor \u0219i nev\u0103zutelor. \u0218i \u00eentr-unul Domn Isus Hristos, Fiul lui Dumnezeu, Unul &#8211; N\u0103scut, Care din Tat\u0103l S-a n\u0103scut mai \u00eenainte de to\u021bi vecii.&nbsp;Lumin\u0103 din Lumin\u0103, Dumnezeu adev\u0103rat din Dumnezeu adev\u0103rat, n\u0103scut, nu f\u0103cut;&nbsp;Cel de o fiin\u021b\u0103 cu Tat\u0103l, prin Care toate s-au f\u0103cut. Care&nbsp;pentru noi oamenii \u015fi pentru a noastr\u0103 m\u00e2ntuire S-a pogor\u00e2t din ceruri \u015fi S-a \u00eentrupat de la Duhul Sf\u00e2nt \u015fi din Maria Fecioara, \u015fi S-a f\u0103cut om. \u015ei S-a r\u0103stignit pentru noi \u00een zilele lui Pon\u0163iu Pilat \u015fi a p\u0103timit \u015fi S-a \u00eengropat. \u015ei a \u00eenviat a treia zi, dup\u0103 Scripturi. \u015ei S-a \u00een\u0103l\u0163at la ceruri \u015fi \u0219ade de-a dreapta Tat\u0103lui. \u015ei iar\u0103si va s\u0103 vin\u0103 cu slav\u0103, s\u0103&nbsp;judece viii \u015fi mor\u0163ii, a C\u0103rui&nbsp;\u00eemp\u0103r\u0103\u0163ie nu va avea sf\u00e2r\u015fit. \u015ei \u00eentru Duhul Sf\u00e2nt, Domnul de via\u021b\u0103 F\u0103c\u0103torul, Care&nbsp;de la Tat\u0103l purcede, Cel&nbsp;ce \u00eempreun\u0103 cu Tat\u0103l \u015fi cu Fiul este \u00eenchinat \u015fi sl\u0103vit, Care&nbsp;a gr\u0103it prin prooroci. \u00centr-una sf\u00e2nt\u0103, soborniceasc\u0103 \u0219i apostoleasc\u0103 Biseric\u0103; M\u0103rturisesc un Botez&nbsp;spre iertarea p\u0103catelor. A\u015ftept \u00eenvierea mor\u0163ilor. \u015ei viata veacului ce va s\u0103&nbsp;fie. Amin.\u201d<\/em><\/p>\n\n\n\n<p>Trinitatea Lui Dumnezeu (3D)<\/p>\n\n\n\n<p>DUMNEZEU TAT\u0102L; DUMNEZEU FIUL \u2013 ISUS HRISTOS; DUMENZEU DUHUL SF\u00c2NT<\/p>\n\n\n\n<p>La \u00eenceput ELOHIM (Dumnezeirea sau Judec\u0103torii) Geneza 1:1 (Facerea 1:1).<\/p>\n\n\n\n<p>Credem c\u0103 omul a fost creat de Dumenzeu dupa Chipul \u0219i dup\u0103 asem\u0103narea Sa, \u0219i este tot 3D (trup, are duh de via\u021b\u0103 \u0219i suflet).<\/p>\n\n\n\n<p>Credem c\u0103 exist\u0103 un singur Dumnezeu viu \u0219i adev\u0103rat, care exist\u0103 ve\u0219nic ca Tat\u0103, Fiu \u0219i Duh Sf\u00e2nt (Matei 3:16; 2 Corinteni 13:14; 1 Ioan 5:7).<\/p>\n\n\n\n<p>Credem c\u0103 Isus Hristos (Rebbe, Melech Yehoshua HaMoshiach), Fiul lui Dumnezeu, a venit pe p\u0103m\u00e2nt ca om, a suferit, a fost r\u0103stignit, a murit \u0219i a fost \u00eengropat \u0219i a \u00cenviat a treia zi (dup\u0103 Scripturi), pentru a ne \u00eemp\u0103ca cu Tat\u0103l.<\/p>\n\n\n\n<p>Noi credem c\u0103 Isus a \u00eenviat din mor\u021bi, S-a \u00een\u0103l\u021bat la cer \u0219i credem c\u0103 va reveni pe Norii Cerului pentru a Lua Biserica, \u0219i credem de asemena, c\u0103 Domul Isus Hristos se va \u00eentoarce a doua oar\u0103 pe p\u0103m\u00e2nt pentru a judeca pe to\u021bi oamenii \u00een ziua de pe urm\u0103 (Coloseni 2:9; Romani 1:4; Luca 24:1-7).<\/p>\n\n\n\n<p>Credem c\u0103 Isus Hristos \u0218i-a v\u0103rsat s\u00e2ngele pentru iertarea p\u0103catelor \u0219i pentru a pl\u0103ti pre\u021bul r\u0103scump\u0103r\u0103rii (isp\u0103\u0219irea), \u00een locul celor care Cred \u00een jertfa Sa de la Calvar (Golgota) \u0219i care fac Leg\u00e2m\u00e2nt (Noul Leg\u0103m\u00e2nt &#8211; Noul Testament), \u00eendrept\u0103\u021bind \u0219i eliber\u00e2nd credinciosul de sub puterea p\u0103catului (Romani 3:25; 1 Ioan 3:5-10; Efeseni 2:1-10).<\/p>\n\n\n\n<p>Noi credem c\u0103 Biblia este Cuv\u00e2ntul lui Dumnezeu (2 Timotei 3:15-17; 2 Petru 1:19-21; Ioan 10:35).<\/p>\n\n\n\n<p>Credem c\u0103 exist\u0103 \u00cenvierea mor\u021bilor \u0219i Via\u021ba Ve\u0219nic\u0103 al\u0103turi de Dumenzeu (Rai), dar \u0219i desp\u0103r\u021birea ve\u0219nic\u0103 de Dumenzeu \u0219i un loc al pedepsei (iad &#8211; \u0218eol \u2013 Locuin\u021ba Mor\u021bilor, fiecre cu semnifica\u021bia sa &#8211; Matei 25:46; Psalmul 9:17; Apocalipsa 21:7-8).<\/p>\n\n\n\n<p>Credem c\u0103 suntem \u00eendrept\u0103\u021bi\u021bi numai prin credin\u021b\u0103 (Romani 5:1).<\/p>\n\n\n\n<p>Credem \u00een Noul Leg\u00e2m\u00e2nt (Noul testament), conform Leg\u00e2m\u00e2ntului pe care Dumenzeu L-a \u00eencheiat cu omul, care acum este conform Cinei Domnului (S\u00e2ngele \u0219i Trupul \u2013 Vinul \u0219i P\u00e2inea) \u0219i conform Romani 10:9-10 c\u0103 omul \u00eencheie Leg\u0103m\u00e2nt cu Domnul Isus Hristos \u0219i prime\u0219te Pecetea Duhului Sf\u00e2nt &#8211; arvuna Duhului Sf\u00e2nt (Efeseni 1:12-13).<\/p>\n\n\n\n<p>\u0219i, ca o consecin\u021b\u0103 a Noului Leg\u0103m\u00e2nt (mandat dat Domnului Isus ca ap\u0103r\u0103tor &#8211; ADVOCAT), prin m\u0103rturisirea p\u0103catelor (poc\u0103in\u021b\u0103 BESURAH HA GEULAH), \u0219i primirea Domnului Isus \u00een inim\u0103,&nbsp; &nbsp;<\/p>\n\n\n\n<p>Credem \u00een Na\u0219terea din Nou din Duh \u0219i Ap\u0103 (Ioan 3), revenirea duhului uman la via\u021b\u0103 prin Duhul Sf\u00e2nt, \u00cennoirea (m\u00e2ntuirea) min\u021bii (suflet) conform Romani 12:1-2 \u0219i Iacov 1:21 \u0219i \u00een umblarea nu potrivit firii p\u0103mnte\u0219ti ci conform ghid\u0103rii Duhului Sf\u00e2nt \u2013EVLAVIA.<\/p>\n\n\n\n<p>Credem c\u0103 sfin\u021birea este normal\u0103 \u0219i umblarea \u00een Adev\u0103r \u0219i Lumin\u0103, care ne elibereaz\u0103 de puterea \u0219i st\u0103p\u00e2nirea p\u0103catului (Fapte 26:18; 1 Ioan 1:9). Aceasta este urmat\u0103 de cre\u0219terea pe tot parcursul vie\u021bii \u00een Har \u0219i cunoa\u0219tere a Domnului \u0219i M\u00e2ntuitorului nostru Isus Hristos (2 Corinteni 4:16; 2 Petru 3:18), p\u00e2n\u0103 vom ajunge la starea de om matur a Domnului Isus Hristos (Efeseni 4:13).<\/p>\n\n\n\n<p>Noi credem \u00een botezul \u00een ap\u0103 (m\u0103rturisirea credin\u021bei) \u0219i \u00een Botezul \u00een\/cu Duhul Sf\u00e2nt \u0219i cu Foc (faptele Apostolilor \u2013 Rusalii), f\u0103r\u0103 o anumit\u0103 \u0219i specific\u0103 ordine.<\/p>\n\n\n\n<p>Credem \u00een Darurile Duhului Sf\u00e2nt \u0219i \u00een manifestarea acestor daruri, \u00een vorbirea \u00een alte limbi (leshonot sau glasolelia), pe m\u0103sur\u0103 ce Duhul d\u0103 rostirea (Luca 11:13; Fapte 1:5; 2:14, 8-17; 10). :44-46; 19:6),semne, minuni, p\u0103rt\u0103\u0219ie.<\/p>\n\n\n\n<p>Credem c\u0103 Domnul Isus Hristos a purtat pe Cruce (lemn) asupra sa p\u0103catele \u0219i bolile noastre, iar noi acum avem dreptul la vindecare, la via\u021b\u0103. La Har, etc, prin ceea ce Isus a realizat \u00een moartea Sa pe cruce (Isaia 53:4-5; Matei 8:16-17; Marcu 16:14-18; Iacov 5:14-16; Exod 15:26).<\/p>\n\n\n\n<p>Credem c\u0103 Isus Hristos se va \u00eentoarce din nou (1 Tesaloniceni 4:15-17; Tit 2:13; 2 Petru 3:1-4; Matei 24:29-44) \u0219i iubim \u0219i a\u0219tept\u0103m apari\u021bia Lui (2 Timotei 4: 8).<\/p>\n\n\n\n<p>Credem c\u0103 este responsabilitatea fiec\u0103rui credincios s\u0103-\u0219i dedice via\u021ba \u00eendeplinirii lucr\u0103rii Marii Trimiteri (Matei 28:18-20; Marcu 16:15-20; Fapte 1:8).<\/p>\n\n\n\n<p>\u00cel iubim pe Domnul Dumnezeul Nostru Tat\u0103l, Fiul Isus Hristos \u0219i Duhul Sf\u00e2nt, \u0219tiind c\u0103 El ne-a iubit primul!<\/p>\n\n\n\n<p>Credem \u0219i ne rug\u0103m pentru Trezirea Bisericii \u0219i Rena\u0219terea Na\u021biunii.<\/p>\n\n\n\n<p>Am primit aceast\u0103 viziune \u0219i \u00eencedin\u021bare de la Dumenzeu, atunci c\u00e2nd am fost chema\u021bi personal de Dumnezeu la aceast\u0103 lucrare Apostolic\u0103! Credem toat\u0103 Scriptura \u0219i \u00een Deplina Putere \u0219i Manifestare a Slavei Domnului Dumnezeu!<\/p>\n\n\n\n<p>Dumnezeu s\u0103 ne ajute!<\/p>\n","protected":false},"excerpt":{"rendered":"<p>Crezul sau Simbolul Credin\u0163ei \u201dCred \u00eentr-unul Dumnezeu, Tat\u0103l, Atot\u021biitorul, F\u0103c\u0103torul cerului \u0219i al p\u0103m\u00e2ntului,&nbsp;v\u0103zutelor tuturor \u0219i nev\u0103zutelor. \u0218i \u00eentr-unul Domn Isus Hristos, Fiul lui Dumnezeu, Unul &#8211; N\u0103scut, Care din Tat\u0103l S-a n\u0103scut mai \u00eenainte de to\u021bi vecii.&nbsp;Lumin\u0103 din Lumin\u0103, Dumnezeu adev\u0103rat din Dumnezeu adev\u0103rat, n\u0103scut, nu f\u0103cut;&nbsp;Cel de o fiin\u021b\u0103 cu Tat\u0103l, prin Care [&hellip;]<\/p>\n","protected":false},"author":1,"featured_media":0,"parent":0,"menu_order":0,"comment_status":"closed","ping_status":"closed","template":"","meta":{"om_disable_all_campaigns":false,"_monsterinsights_skip_tracking":false,"_monsterinsights_sitenote_active":false,"_monsterinsights_sitenote_note":"","_monsterinsights_sitenote_category":0,"footnotes":""},"class_list":["post-121","page","type-page","status-publish","hentry"],"aioseo_notices":[],"_links":{"self":[{"href":"https:\/\/3dministry.ro\/index.php?rest_route=\/wp\/v2\/pages\/121","targetHints":{"allow":["GET"]}}],"collection":[{"href":"https:\/\/3dministry.ro\/index.php?rest_route=\/wp\/v2\/pages"}],"about":[{"href":"https:\/\/3dministry.ro\/index.php?rest_route=\/wp\/v2\/types\/page"}],"author":[{"embeddable":true,"href":"https:\/\/3dministry.ro\/index.php?rest_route=\/wp\/v2\/users\/1"}],"replies":[{"embeddable":true,"href":"https:\/\/3dministry.ro\/index.php?rest_route=%2Fwp%2Fv2%2Fcomments&post=121"}],"version-history":[{"count":0,"href":"https:\/\/3dministry.ro\/index.php?rest_route=\/wp\/v2\/pages\/121\/revisions"}],"wp:attachment":[{"href":"https:\/\/3dministry.ro\/index.php?rest_route=%2Fwp%2Fv2%2Fmedia&parent=121"}],"curies":[{"name":"wp","href":"https:\/\/api.w.org\/{rel}","templated":true}]}}